{"id":295,"date":"2023-12-31T10:58:21","date_gmt":"2023-12-31T10:58:21","guid":{"rendered":"https:\/\/floriansretrokiste.de\/?page_id=295"},"modified":"2024-01-21T18:34:03","modified_gmt":"2024-01-21T18:34:03","slug":"home","status":"publish","type":"page","link":"https:\/\/floriansretrokiste.de\/","title":{"rendered":"Herzlich willkommen! Sch\u00f6n, dass du da bist!"},"content":{"rendered":"\n<div class=\"wp-block-group alignfull has-accent-2-background-color has-background has-global-padding is-layout-constrained wp-container-core-group-is-layout-669513ed wp-block-group-is-layout-constrained\" style=\"margin-top:0;margin-bottom:0;padding-top:var(--wp--preset--spacing--50);padding-right:var(--wp--preset--spacing--50);padding-bottom:var(--wp--preset--spacing--50);padding-left:var(--wp--preset--spacing--50)\">\n<div class=\"wp-block-columns alignwide is-layout-flex wp-container-core-columns-is-layout-28f84493 wp-block-columns-is-layout-flex\">\n<div class=\"wp-block-column is-layout-flow wp-block-column-is-layout-flow\" style=\"flex-basis:40%\">\n<div style=\"height:216px\" aria-hidden=\"true\" class=\"wp-block-spacer\"><\/div>\n\n\n\n<figure class=\"wp-block-image size-full is-style-rounded is-style-rounded--1\"><img loading=\"lazy\" decoding=\"async\" width=\"2560\" height=\"1441\" src=\"https:\/\/floriansretrokiste.de\/wp-content\/uploads\/2023\/11\/20231126_193825-scaled.jpg\" alt=\"\" class=\"wp-image-653\" srcset=\"https:\/\/floriansretrokiste.de\/wp-content\/uploads\/2023\/11\/20231126_193825-scaled.jpg 2560w, https:\/\/floriansretrokiste.de\/wp-content\/uploads\/2023\/11\/20231126_193825-300x169.jpg 300w, https:\/\/floriansretrokiste.de\/wp-content\/uploads\/2023\/11\/20231126_193825-1024x577.jpg 1024w, https:\/\/floriansretrokiste.de\/wp-content\/uploads\/2023\/11\/20231126_193825-768x432.jpg 768w, https:\/\/floriansretrokiste.de\/wp-content\/uploads\/2023\/11\/20231126_193825-1536x865.jpg 1536w, https:\/\/floriansretrokiste.de\/wp-content\/uploads\/2023\/11\/20231126_193825-2048x1153.jpg 2048w\" sizes=\"auto, (max-width: 2560px) 100vw, 2560px\" \/><\/figure>\n<\/div>\n\n\n\n<div class=\"wp-block-column is-layout-flow wp-block-column-is-layout-flow\" style=\"flex-basis:60%\">\n<p class=\"has-large-font-size\">Interessierst du dich f\u00fcr Hardware und Software aus vergangenen Zeiten? Schauderst du bei Begriffen wie Zwangsupdate und Kontozwang? <\/p>\n\n\n\n<p class=\"has-large-font-size\">Dann bist du hier genau richtig!<\/p>\n\n\n\n<p class=\"has-large-font-size\">Obwohl ein Besuch auf meiner Seite nat\u00fcrlich keine L\u00f6sung f\u00fcr moderne Probleme bietet, bekommst du hier die Gelegenheit, f\u00fcr einen kurzen Moment in Erinnerungen zu schwelgen und die guten alten Zeiten der Computerwelt wieder aufleben zu lassen.<\/p>\n<\/div>\n<\/div>\n\n\n\n<div style=\"height:var(--wp--preset--spacing--40)\" aria-hidden=\"true\" class=\"wp-block-spacer\"><\/div>\n\n\n\n<figure class=\"wp-block-image alignwide size-large is-style-rounded is-style-rounded--2\"><img loading=\"lazy\" decoding=\"async\" width=\"1024\" height=\"720\" src=\"https:\/\/floriansretrokiste.de\/wp-content\/uploads\/2023\/11\/Lapi-1024x720.jpg\" alt=\"\" class=\"wp-image-307\" srcset=\"https:\/\/floriansretrokiste.de\/wp-content\/uploads\/2023\/11\/Lapi-1024x720.jpg 1024w, https:\/\/floriansretrokiste.de\/wp-content\/uploads\/2023\/11\/Lapi-300x211.jpg 300w, https:\/\/floriansretrokiste.de\/wp-content\/uploads\/2023\/11\/Lapi-768x540.jpg 768w, https:\/\/floriansretrokiste.de\/wp-content\/uploads\/2023\/11\/Lapi-1536x1080.jpg 1536w, https:\/\/floriansretrokiste.de\/wp-content\/uploads\/2023\/11\/Lapi-2048x1440.jpg 2048w\" sizes=\"auto, (max-width: 1024px) 100vw, 1024px\" \/><figcaption class=\"wp-element-caption\"><strong>IBM ThinkPad 380D im Einsatz<\/strong><\/figcaption><\/figure>\n<\/div>\n\n\n\n<div class=\"wp-block-group alignfull has-base-background-color has-background has-global-padding is-layout-constrained wp-container-core-group-is-layout-d89aad35 wp-block-group-is-layout-constrained\" style=\"margin-top:0;margin-bottom:0;padding-top:var(--wp--preset--spacing--50);padding-right:var(--wp--preset--spacing--50);padding-bottom:var(--wp--preset--spacing--50);padding-left:var(--wp--preset--spacing--50)\">\n<div class=\"wp-block-columns alignwide is-layout-flex wp-container-core-columns-is-layout-549b0c86 wp-block-columns-is-layout-flex\">\n<div class=\"wp-block-column has-global-padding is-content-justification-left is-layout-constrained wp-container-core-column-is-layout-4f15e8fe wp-block-column-is-layout-constrained\" style=\"flex-basis:40%\">\n<p>Das Bessere ist des Guten Feind. \/ Voltaire<\/p>\n<\/div>\n\n\n\n<div class=\"wp-block-column is-layout-flow wp-container-core-column-is-layout-119bc444 wp-block-column-is-layout-flow\" style=\"flex-basis:60%\">\n<p class=\"has-heading-font-family has-large-font-size\" style=\"line-height:1.2\">Mit gro\u00dfer Sorgfalt und viel Spa\u00df an der Sache repariere ich alte und nicht mehr geliebte Computer, die das Leben der Menschen, die sie fr\u00fcher verwendet haben, inspirierten, aufwerteten und vielleicht auch bereicherten.<\/p>\n\n\n\n<div class=\"wp-block-columns is-layout-flex wp-container-core-columns-is-layout-87beb0d0 wp-block-columns-is-layout-flex\">\n<div class=\"wp-block-column is-layout-flow wp-block-column-is-layout-flow\">\n<p class=\"wp-container-content-9cfa9a5a\" style=\"font-size:clamp(1.039rem, 1.039rem + ((1vw - 0.2rem) * 0.935), 1.6rem);\">Einige m\u00f6gen \u00fcberrascht sein zu erfahren, dass man auch heute noch Freude an alten Computern haben kann. Es geht nicht nur um die einfache Nutzung dieser Computer, sondern auch um den Prozess des Zerlegens, der Reinigung sowie dem  sorgf\u00e4ltigen Wiederaufbau dieser Systeme.<\/p>\n\n\n\n<div style=\"height:58px\" aria-hidden=\"true\" class=\"wp-block-spacer\"><\/div>\n<\/div>\n\n\n\n<div class=\"wp-block-column is-layout-flow wp-block-column-is-layout-flow\">\n<p style=\"font-size:clamp(1.039rem, 1.039rem + ((1vw - 0.2rem) * 0.935), 1.6rem);\">Restaurierte Computer gew\u00e4hren uns nicht nur die M\u00f6glichkeit einen Blick in die Vergangenheit zu werfen, sondern bieten einem auch mannigfaltige M\u00f6glichkeiten die eigenen Freizeit auszuf\u00fcllen und einstige elektronische Wunderwerke der Technik hautnah zu erleben und zu sp\u00fcren!<\/p>\n<\/div>\n<\/div>\n<\/div>\n<\/div>\n<\/div>\n\n\n\n<div class=\"wp-block-cover alignfull is-light has-parallax\" style=\"padding-top:var(--wp--preset--spacing--50);padding-right:var(--wp--preset--spacing--50);padding-bottom:var(--wp--preset--spacing--50);padding-left:var(--wp--preset--spacing--50);min-height:100vh;aspect-ratio:unset;\"><span aria-hidden=\"true\" class=\"wp-block-cover__background has-base-background-color has-background-dim-0 has-background-dim\"><\/span><div role=\"img\" class=\"wp-block-cover__image-background wp-image-309 has-parallax\" style=\"background-position:50% 50%;background-image:url(https:\/\/floriansretrokiste.de\/wp-content\/uploads\/2023\/11\/20210921_200704-scaled.jpg)\"><\/div><div class=\"wp-block-cover__inner-container has-global-padding is-layout-constrained wp-container-core-cover-is-layout-e4fd886c wp-block-cover-is-layout-constrained\">\n<div style=\"height:500px\" aria-hidden=\"true\" class=\"wp-block-spacer\"><\/div>\n<\/div><\/div>\n\n\n\n<div class=\"wp-block-group alignfull has-base-2-background-color has-background has-global-padding is-layout-constrained wp-container-core-group-is-layout-7cd14b77 wp-block-group-is-layout-constrained\" style=\"margin-top:0;margin-bottom:0;padding-top:var(--wp--preset--spacing--60);padding-right:var(--wp--preset--spacing--60);padding-bottom:var(--wp--preset--spacing--60);padding-left:var(--wp--preset--spacing--60)\">\n<div class=\"wp-block-group alignwide is-layout-flow wp-block-group-is-layout-flow\">\n<div style=\"height:var(--wp--preset--spacing--50)\" aria-hidden=\"true\" class=\"wp-block-spacer\"><\/div>\n\n\n\n<p class=\"has-text-align-center has-heading-font-family has-x-large-font-size\" style=\"font-style:normal;font-weight:400;line-height:1.2\"><em>\u00c9tudes<\/em> ist nicht nur auf die Zukunft beschr\u00e4nkt &#8211; meine Leidenschaft gilt auch den bahnbrechenden technischen Entwicklungen, die einst die EDV-Welt gepr\u00e4gt haben.<\/p>\n\n\n\n<div style=\"height:var(--wp--preset--spacing--50)\" aria-hidden=\"true\" class=\"wp-block-spacer\"><\/div>\n<\/div>\n<\/div>\n\n\n\n<div class=\"wp-block-group alignfull has-base-2-color has-contrast-background-color has-text-color has-background has-link-color wp-elements-815cd9ed9c45722f5a6c808374631efa has-global-padding is-layout-constrained wp-container-core-group-is-layout-facafb6f wp-block-group-is-layout-constrained\" style=\"margin-top:0;margin-bottom:0;padding-top:var(--wp--preset--spacing--50);padding-right:var(--wp--preset--spacing--50);padding-bottom:var(--wp--preset--spacing--50);padding-left:var(--wp--preset--spacing--50)\">\n<div class=\"wp-block-columns alignwide is-layout-flex wp-container-core-columns-is-layout-d1c656ed wp-block-columns-is-layout-flex\">\n<div class=\"wp-block-column is-vertically-aligned-stretch is-layout-flow wp-block-column-is-layout-flow\" style=\"padding-right:0;flex-basis:60%\">\n<div class=\"wp-block-group is-vertical is-content-justification-stretch is-layout-flex wp-container-core-group-is-layout-ae24f51d wp-block-group-is-layout-flex\" style=\"min-height:100%\">\n<figure class=\"wp-block-image size-large is-style-rounded is-style-rounded--3\"><img loading=\"lazy\" decoding=\"async\" width=\"1024\" height=\"768\" src=\"https:\/\/floriansretrokiste.de\/wp-content\/uploads\/2023\/11\/20201230_231753-1024x768.jpg\" alt=\"\" class=\"wp-image-322\" style=\"aspect-ratio:9\/16;object-fit:cover\" srcset=\"https:\/\/floriansretrokiste.de\/wp-content\/uploads\/2023\/11\/20201230_231753-1024x768.jpg 1024w, https:\/\/floriansretrokiste.de\/wp-content\/uploads\/2023\/11\/20201230_231753-300x225.jpg 300w, https:\/\/floriansretrokiste.de\/wp-content\/uploads\/2023\/11\/20201230_231753-768x576.jpg 768w, https:\/\/floriansretrokiste.de\/wp-content\/uploads\/2023\/11\/20201230_231753-1536x1152.jpg 1536w, https:\/\/floriansretrokiste.de\/wp-content\/uploads\/2023\/11\/20201230_231753-2048x1536.jpg 2048w\" sizes=\"auto, (max-width: 1024px) 100vw, 1024px\" \/><\/figure>\n\n\n\n<p class=\"has-medium-font-size\">#planlos<\/p>\n<\/div>\n<\/div>\n\n\n\n<div class=\"wp-block-column is-layout-flow wp-block-column-is-layout-flow\" style=\"flex-basis:40%\">\n<div class=\"wp-block-group has-global-padding is-layout-constrained wp-block-group-is-layout-constrained\">\n<p class=\"has-large-font-size\" style=\"font-style:normal;font-weight:500;line-height:1.2\">Neben Fotos und Informationen zu Hardware und Software aus den 90er Jahren pr\u00e4sentiere ich auf meiner Seite auch: <\/p>\n\n\n\n<ul class=\"wp-block-list\">\n<li style=\"font-size:clamp(1.039rem, 1.039rem + ((1vw - 0.2rem) * 0.935), 1.6rem);\">Werbeprospekte und Anzeigen <\/li>\n\n\n\n<li style=\"font-size:clamp(1.039rem, 1.039rem + ((1vw - 0.2rem) * 0.935), 1.6rem);\">Anleitungen und Dokumentationen<\/li>\n\n\n\n<li style=\"font-size:clamp(1.039rem, 1.039rem + ((1vw - 0.2rem) * 0.935), 1.6rem);\">Treiber  <\/li>\n<\/ul>\n\n\n\n<p class=\"has-large-font-size\" style=\"font-style:normal;font-weight:500;line-height:1.2\">Ich freue mich darauf, die F\u00fclle an kreativen Ideen, die mir im Kopf herumschwirren, nach und nach auf der Seite zu pr\u00e4sentieren. Auch wenn es mir nicht m\u00f6glich ist, alle Inhalte sofort bereitzustellen, werde ich kontinuierlich weitere Inhalte hinzuf\u00fcgen, sobald es der Zeitplan erlaubt. Also bleib neugierig und gespannt. <\/p>\n\n\n\n<p class=\"has-large-font-size\" style=\"font-style:normal;font-weight:500;line-height:1.2\">Nun w\u00fcnsche ich viel Spa\u00df beim st\u00f6bern!<\/p>\n\n\n\n<div style=\"height:var(--wp--preset--spacing--40)\" aria-hidden=\"true\" class=\"wp-block-spacer\"><\/div>\n\n\n\n<div class=\"wp-block-group is-layout-flow wp-block-group-is-layout-flow\">\n<p class=\"has-medium-font-size\"><strong>Leap ahead<\/strong>!<\/p>\n<\/div>\n<\/div>\n<\/div>\n<\/div>\n<\/div>\n","protected":false},"excerpt":{"rendered":"<p>Interessierst du dich f\u00fcr Hardware und Software aus vergangenen Zeiten? Schauderst du bei Begriffen wie Zwangsupdate und Kontozwang? Dann bist du hier genau richtig! Obwohl ein Besuch auf meiner Seite nat\u00fcrlich keine L\u00f6sung f\u00fcr moderne Probleme bietet, bekommst du hier die Gelegenheit, f\u00fcr einen kurzen Moment in Erinnerungen zu schwelgen und die guten alten Zeiten [&hellip;]<\/p>\n","protected":false},"author":1,"featured_media":0,"parent":0,"menu_order":0,"comment_status":"closed","ping_status":"closed","template":"","meta":{"footnotes":""},"class_list":["post-295","page","type-page","status-publish","hentry"],"_links":{"self":[{"href":"https:\/\/floriansretrokiste.de\/index.php?rest_route=\/wp\/v2\/pages\/295","targetHints":{"allow":["GET"]}}],"collection":[{"href":"https:\/\/floriansretrokiste.de\/index.php?rest_route=\/wp\/v2\/pages"}],"about":[{"href":"https:\/\/floriansretrokiste.de\/index.php?rest_route=\/wp\/v2\/types\/page"}],"author":[{"embeddable":true,"href":"https:\/\/floriansretrokiste.de\/index.php?rest_route=\/wp\/v2\/users\/1"}],"replies":[{"embeddable":true,"href":"https:\/\/floriansretrokiste.de\/index.php?rest_route=%2Fwp%2Fv2%2Fcomments&post=295"}],"version-history":[{"count":36,"href":"https:\/\/floriansretrokiste.de\/index.php?rest_route=\/wp\/v2\/pages\/295\/revisions"}],"predecessor-version":[{"id":799,"href":"https:\/\/floriansretrokiste.de\/index.php?rest_route=\/wp\/v2\/pages\/295\/revisions\/799"}],"wp:attachment":[{"href":"https:\/\/floriansretrokiste.de\/index.php?rest_route=%2Fwp%2Fv2%2Fmedia&parent=295"}],"curies":[{"name":"wp","href":"https:\/\/api.w.org\/{rel}","templated":true}]}}